{"id":315,"date":"2025-09-11T17:20:55","date_gmt":"2025-09-11T08:20:55","guid":{"rendered":"https:\/\/kobeyoshi.com\/?page_id=315"},"modified":"2025-09-11T17:20:55","modified_gmt":"2025-09-11T08:20:55","slug":"thiet-bi-thuc-day-qua-trinh-dot-chay-g-cylinder","status":"publish","type":"page","link":"https:\/\/kobeyoshi.com\/?page_id=315&lang=vi","title":{"rendered":"Thi\u1ebft b\u1ecb th\u00fac \u0111\u1ea9y qu\u00e1 tr\u00ecnh \u0111\u1ed1t ch\u00e1y G-Cylinder"},"content":{"rendered":"\n<figure class=\"wp-block-image size-full\"><img fetchpriority=\"high\" decoding=\"async\" width=\"383\" height=\"375\" src=\"https:\/\/kobeyoshi.com\/wp-content\/uploads\/2025\/09\/image-2.png\" alt=\"\" class=\"wp-image-322\" srcset=\"https:\/\/kobeyoshi.com\/wp-content\/uploads\/2025\/09\/image-2.png 383w, https:\/\/kobeyoshi.com\/wp-content\/uploads\/2025\/09\/image-2-300x294.png 300w, https:\/\/kobeyoshi.com\/wp-content\/uploads\/2025\/09\/image-2-50x50.png 50w\" sizes=\"(max-width: 383px) 100vw, 383px\" \/><\/figure>\n\n\n\n<figure class=\"wp-block-image size-large\"><img decoding=\"async\" width=\"1024\" height=\"576\" src=\"https:\/\/kobeyoshi.com\/wp-content\/uploads\/2025\/09\/HP\u7528\u682a\u5f0f\u4f1a\u793e-\u5409\u5ddd-\u4f1a\u793e\u6848\u5185\u8cc7\u6599-2-1-1024x576.png\" alt=\"\" class=\"wp-image-323\" srcset=\"https:\/\/kobeyoshi.com\/wp-content\/uploads\/2025\/09\/HP\u7528\u682a\u5f0f\u4f1a\u793e-\u5409\u5ddd-\u4f1a\u793e\u6848\u5185\u8cc7\u6599-2-1-1024x576.png 1024w, https:\/\/kobeyoshi.com\/wp-content\/uploads\/2025\/09\/HP\u7528\u682a\u5f0f\u4f1a\u793e-\u5409\u5ddd-\u4f1a\u793e\u6848\u5185\u8cc7\u6599-2-1-300x169.png 300w, https:\/\/kobeyoshi.com\/wp-content\/uploads\/2025\/09\/HP\u7528\u682a\u5f0f\u4f1a\u793e-\u5409\u5ddd-\u4f1a\u793e\u6848\u5185\u8cc7\u6599-2-1-768x432.png 768w, https:\/\/kobeyoshi.com\/wp-content\/uploads\/2025\/09\/HP\u7528\u682a\u5f0f\u4f1a\u793e-\u5409\u5ddd-\u4f1a\u793e\u6848\u5185\u8cc7\u6599-2-1-1536x864.png 1536w, https:\/\/kobeyoshi.com\/wp-content\/uploads\/2025\/09\/HP\u7528\u682a\u5f0f\u4f1a\u793e-\u5409\u5ddd-\u4f1a\u793e\u6848\u5185\u8cc7\u6599-2-1.png 1920w\" sizes=\"(max-width: 799px) 94vw, (max-width: 1023px) 67vw, (max-width: 1365px) 62vw, 1037\" \/><\/figure>\n\n\n\n<figure class=\"wp-block-image size-large\"><img decoding=\"async\" width=\"1024\" height=\"576\" src=\"https:\/\/kobeyoshi.com\/wp-content\/uploads\/2025\/09\/HP\u7528\u682a\u5f0f\u4f1a\u793e-\u5409\u5ddd-\u4f1a\u793e\u6848\u5185\u8cc7\u6599-2-1024x576.png\" alt=\"\" class=\"wp-image-313\" srcset=\"https:\/\/kobeyoshi.com\/wp-content\/uploads\/2025\/09\/HP\u7528\u682a\u5f0f\u4f1a\u793e-\u5409\u5ddd-\u4f1a\u793e\u6848\u5185\u8cc7\u6599-2-1024x576.png 1024w, https:\/\/kobeyoshi.com\/wp-content\/uploads\/2025\/09\/HP\u7528\u682a\u5f0f\u4f1a\u793e-\u5409\u5ddd-\u4f1a\u793e\u6848\u5185\u8cc7\u6599-2-300x169.png 300w, https:\/\/kobeyoshi.com\/wp-content\/uploads\/2025\/09\/HP\u7528\u682a\u5f0f\u4f1a\u793e-\u5409\u5ddd-\u4f1a\u793e\u6848\u5185\u8cc7\u6599-2-768x432.png 768w, https:\/\/kobeyoshi.com\/wp-content\/uploads\/2025\/09\/HP\u7528\u682a\u5f0f\u4f1a\u793e-\u5409\u5ddd-\u4f1a\u793e\u6848\u5185\u8cc7\u6599-2-1536x864.png 1536w, https:\/\/kobeyoshi.com\/wp-content\/uploads\/2025\/09\/HP\u7528\u682a\u5f0f\u4f1a\u793e-\u5409\u5ddd-\u4f1a\u793e\u6848\u5185\u8cc7\u6599-2.png 1920w\" sizes=\"(max-width: 799px) 94vw, (max-width: 1023px) 67vw, (max-width: 1365px) 62vw, 1037\" \/><\/figure>\n","protected":false},"excerpt":{"rendered":"","protected":false},"author":1,"featured_media":0,"parent":0,"menu_order":0,"comment_status":"closed","ping_status":"closed","template":"","meta":{"footnotes":""},"class_list":["post-315","page","type-page","status-publish","hentry"],"_links":{"self":[{"href":"https:\/\/kobeyoshi.com\/index.php?rest_route=\/wp\/v2\/pages\/315","targetHints":{"allow":["GET"]}}],"collection":[{"href":"https:\/\/kobeyoshi.com\/index.php?rest_route=\/wp\/v2\/pages"}],"about":[{"href":"https:\/\/kobeyoshi.com\/index.php?rest_route=\/wp\/v2\/types\/page"}],"author":[{"embeddable":true,"href":"https:\/\/kobeyoshi.com\/index.php?rest_route=\/wp\/v2\/users\/1"}],"replies":[{"embeddable":true,"href":"https:\/\/kobeyoshi.com\/index.php?rest_route=%2Fwp%2Fv2%2Fcomments&post=315"}],"version-history":[{"count":2,"href":"https:\/\/kobeyoshi.com\/index.php?rest_route=\/wp\/v2\/pages\/315\/revisions"}],"predecessor-version":[{"id":325,"href":"https:\/\/kobeyoshi.com\/index.php?rest_route=\/wp\/v2\/pages\/315\/revisions\/325"}],"wp:attachment":[{"href":"https:\/\/kobeyoshi.com\/index.php?rest_route=%2Fwp%2Fv2%2Fmedia&parent=315"}],"curies":[{"name":"wp","href":"https:\/\/api.w.org\/{rel}","templated":true}]}}