{"id":301,"date":"2025-09-11T17:16:35","date_gmt":"2025-09-11T08:16:35","guid":{"rendered":"https:\/\/kobeyoshi.com\/?page_id=301"},"modified":"2025-09-11T17:22:05","modified_gmt":"2025-09-11T08:22:05","slug":"danh-muc-san-pham","status":"publish","type":"page","link":"https:\/\/kobeyoshi.com\/?page_id=301&lang=vi","title":{"rendered":"Danh m\u1ee5c s\u1ea3n ph\u1ea9m"},"content":{"rendered":"\n<p id=\"block-91148023-8db8-4a45-8a0b-1229f58b180f\"><\/p>\n\n\n\n<pre id=\"block-58c8ee7f-f0ff-4452-9555-83043621867f\" class=\"wp-block-preformatted\"><a href=\"https:\/\/kobeyoshi.com\/?page_id=315&amp;lang=vi\" data-type=\"page\" data-id=\"315\">Thi\u1ebft b\u1ecb th\u00fac \u0111\u1ea9y qu\u00e1 tr\u00ecnh \u0111\u1ed1t ch\u00e1y G-Cylinder<\/a><\/pre>\n\n\n\n<p id=\"block-9f64f03d-f183-4209-adc9-c3c208c0c26e\">Ch\u1ec9 c\u1ea7n \u0111\u01b0\u1ee3c l\u1eafp v\u00e0o \u1ed1ng d\u1eabn nhi\u00ean li\u1ec7u, s\u1ea3n ph\u1ea9m s\u1ebd gi\u00fap v\u1eadn h\u00e0nh s\u1ea1ch s\u1ebd, tr\u01a1n tru v\u00e0 c\u1ea3i thi\u1ec7n m\u1ee9c ti\u00eau hao nhi\u00ean li\u1ec7u l\u00ean 15\u201330% tr\u1edf l\u00ean!<\/p>\n\n\n\n<pre id=\"block-a2a08ebf-35e7-450b-b3ec-3408bb3bdf25\" class=\"wp-block-preformatted\"><a href=\"https:\/\/kobeyoshi.com\/?page_id=338&amp;lang=vi\" data-type=\"page\" data-id=\"338\">Ch\u1ea5t k\u00edch ho\u1ea1t ph\u1ee5c h\u1ed3i pin (Activator)<\/a><\/pre>\n\n\n\n<p id=\"block-67344c53-0a91-4095-b0d5-87f88058e78b\">D\u00f9 \u0111\u00e3 s\u1ea1c \u0111\u1ea7y nh\u01b0ng kh\u00f4ng d\u00f9ng \u0111\u01b0\u1ee3c tr\u1ecdn m\u1ed9t ng\u00e0y\u2026 \u0110\u00e2y ch\u00ednh l\u00e0 gi\u1ea3i ph\u00e1p cho nh\u1eefng ng\u01b0\u1eddi \u0111ang b\u0103n kho\u0103n v\u1ec1 chi ph\u00ed thay pin. C\u00f3 th\u1ec3 ph\u1ee5c h\u1ed3i nh\u1eefng vi\u00ean pin \u0111\u00e3 y\u1ebfu!<br><br><\/p>\n\n\n\n<p><\/p>\n","protected":false},"excerpt":{"rendered":"<p>Thi\u1ebft b\u1ecb th\u00fac \u0111\u1ea9y qu\u00e1 tr\u00ecnh \u0111\u1ed1t ch\u00e1y G-Cylinder Ch\u1ec9 c\u1ea7n \u0111\u01b0\u1ee3c l\u1eafp v\u00e0o \u1ed1ng d\u1eabn nhi\u00ean li\u1ec7u, s\u1ea3n ph\u1ea9m s\u1ebd gi\u00fap v\u1eadn h\u00e0nh s\u1ea1ch s\u1ebd, t &hellip; <a href=\"https:\/\/kobeyoshi.com\/?page_id=301&#038;lang=vi\" class=\"more-link\"><span class=\"more-button\">\u7d9a\u304d\u3092\u8aad\u3080 &gt;<span class=\"screen-reader-text\">Danh m\u1ee5c s\u1ea3n ph\u1ea9m<\/span><\/span><\/a><\/p>\n","protected":false},"author":1,"featured_media":0,"parent":0,"menu_order":0,"comment_status":"closed","ping_status":"closed","template":"","meta":{"footnotes":""},"class_list":["post-301","page","type-page","status-publish","hentry"],"_links":{"self":[{"href":"https:\/\/kobeyoshi.com\/index.php?rest_route=\/wp\/v2\/pages\/301","targetHints":{"allow":["GET"]}}],"collection":[{"href":"https:\/\/kobeyoshi.com\/index.php?rest_route=\/wp\/v2\/pages"}],"about":[{"href":"https:\/\/kobeyoshi.com\/index.php?rest_route=\/wp\/v2\/types\/page"}],"author":[{"embeddable":true,"href":"https:\/\/kobeyoshi.com\/index.php?rest_route=\/wp\/v2\/users\/1"}],"replies":[{"embeddable":true,"href":"https:\/\/kobeyoshi.com\/index.php?rest_route=%2Fwp%2Fv2%2Fcomments&post=301"}],"version-history":[{"count":5,"href":"https:\/\/kobeyoshi.com\/index.php?rest_route=\/wp\/v2\/pages\/301\/revisions"}],"predecessor-version":[{"id":352,"href":"https:\/\/kobeyoshi.com\/index.php?rest_route=\/wp\/v2\/pages\/301\/revisions\/352"}],"wp:attachment":[{"href":"https:\/\/kobeyoshi.com\/index.php?rest_route=%2Fwp%2Fv2%2Fmedia&parent=301"}],"curies":[{"name":"wp","href":"https:\/\/api.w.org\/{rel}","templated":true}]}}