{"id":209,"date":"2025-09-10T15:03:27","date_gmt":"2025-09-10T06:03:27","guid":{"rendered":"https:\/\/kobeyoshi.com\/?page_id=209"},"modified":"2025-09-11T17:22:35","modified_gmt":"2025-09-11T08:22:35","slug":"hoat-dong-kinh-doanh","status":"publish","type":"page","link":"https:\/\/kobeyoshi.com\/?page_id=209&lang=vi","title":{"rendered":"Ho\u1ea1t \u0111\u1ed9ng kinh doanh"},"content":{"rendered":"\n<p>Yoshikawa c\u00f3 th\u1ec3 ti\u1ebfn h\u00e0nh c\u00e1c ho\u1ea1t \u0111\u1ed9ng kinh doanh nhanh ch\u00f3ng v\u00e0 ch\u00ednh x\u00e1c nh\u1edd v\u00e0o k\u0129 thu\u1eadt v\u00e0 l\u00f2ng tin t\u1eeb c\u00e1c \u0111\u1ed1i t\u00e1c l\u00e2u n\u0103m.<\/p>\n\n\n\n<pre class=\"wp-block-preformatted has-white-color has-midnight-gradient-background has-text-color has-background has-link-color has-normal-font-size wp-elements-efd60c7bcb693a9cb331eac00b55d81e\" style=\"text-transform:capitalize\"><a href=\"https:\/\/kobeyoshi.com\/?page_id=301&amp;lang=vi\" data-type=\"page\" data-id=\"301\">Ho\u1ea1t \u0111\u1ed9ng kinh doanh trong n\u01b0\u1edbc<\/a><\/pre>\n\n\n\n<p>Kinh doanh c\u00e1c s\u1ea3n ph\u1ea9m cho t\u00e0u l\u1edbn: thi\u1ebft b\u1ecb h\u00e0ng h\u1ea3i, gi\u1ea5y ghi ch\u00e9p h\u00e0ng h\u1ea3i, nhi\u1ec7t k\u1ebf, \u00e1p k\u1ebf, c\u00e1c thi\u1ebft b\u1ecb \u0111o l\u01b0\u1eddng, thi\u1ebft b\u1ecb v\u1ec7 sinh, van h\u00e0ng h\u1ea3i, \u0111\u1ed3 kim lo\u1ea1i v\u00e0 nhi\u1ec1u lo\u1ea1i s\u1ea3n ph\u1ea9m kh\u00e1c.<\/p>\n\n\n\n<pre class=\"wp-block-preformatted has-white-color has-midnight-gradient-background has-text-color has-background has-link-color wp-elements-77e4fad9ace37c0489e80d6b961e37e6\">Ho\u1ea1t \u0111\u1ed9ng kinh doanh qu\u1ed1c t\u1ebf<\/pre>\n\n\n\n<p>H\u1ed7 tr\u1ee3 ho\u1ea1t \u0111\u1ed9ng xu\u1ea5t nh\u1eadp kh\u1ea9u v\u00e0 m\u1edf r\u1ed9ng kinh doanh ra th\u1ecb tr\u01b0\u1eddng n\u01b0\u1edbc ngo\u00e0i<br>Gi\u1edbi thi\u1ec7u nh\u00e2n s\u1ef1 ng\u01b0\u1eddi n\u01b0\u1edbc ngo\u00e0i<\/p>\n\n\n\n<pre class=\"wp-block-preformatted has-white-color has-midnight-gradient-background has-text-color has-background has-link-color has-normal-font-size wp-elements-71fdda1ff5a1072e7321239c297da48e\">C\u00e1c ho\u1ea1t \u0111\u1ed9ng kinh doanh kh\u00e1c<\/pre>\n\n\n\n<p>Tri\u1ec3n khai nh\u1eefng ho\u1ea1t \u0111\u1ed9ng kinh doanh m\u1edbi n\u1eb1m ngo\u00e0i khu\u00f4n kh\u1ed5 truy\u1ec1n th\u1ed1ng c\u1ee7a c\u00f4ng ty<\/p>\n","protected":false},"excerpt":{"rendered":"<p>Yoshikawa c\u00f3 th\u1ec3 ti\u1ebfn h\u00e0nh c\u00e1c ho\u1ea1t \u0111\u1ed9ng kinh doanh nhanh ch\u00f3ng v\u00e0 ch\u00ednh x\u00e1c nh\u1edd v\u00e0o k\u0129 thu\u1eadt v\u00e0 l\u00f2ng tin t\u1eeb c\u00e1c \u0111\u1ed1i t\u00e1c l\u00e2u  &hellip; <a href=\"https:\/\/kobeyoshi.com\/?page_id=209&#038;lang=vi\" class=\"more-link\"><span class=\"more-button\">\u7d9a\u304d\u3092\u8aad\u3080 &gt;<span class=\"screen-reader-text\">Ho\u1ea1t \u0111\u1ed9ng kinh doanh<\/span><\/span><\/a><\/p>\n","protected":false},"author":1,"featured_media":0,"parent":0,"menu_order":0,"comment_status":"closed","ping_status":"closed","template":"","meta":{"footnotes":""},"class_list":["post-209","page","type-page","status-publish","hentry"],"_links":{"self":[{"href":"https:\/\/kobeyoshi.com\/index.php?rest_route=\/wp\/v2\/pages\/209","targetHints":{"allow":["GET"]}}],"collection":[{"href":"https:\/\/kobeyoshi.com\/index.php?rest_route=\/wp\/v2\/pages"}],"about":[{"href":"https:\/\/kobeyoshi.com\/index.php?rest_route=\/wp\/v2\/types\/page"}],"author":[{"embeddable":true,"href":"https:\/\/kobeyoshi.com\/index.php?rest_route=\/wp\/v2\/users\/1"}],"replies":[{"embeddable":true,"href":"https:\/\/kobeyoshi.com\/index.php?rest_route=%2Fwp%2Fv2%2Fcomments&post=209"}],"version-history":[{"count":2,"href":"https:\/\/kobeyoshi.com\/index.php?rest_route=\/wp\/v2\/pages\/209\/revisions"}],"predecessor-version":[{"id":353,"href":"https:\/\/kobeyoshi.com\/index.php?rest_route=\/wp\/v2\/pages\/209\/revisions\/353"}],"wp:attachment":[{"href":"https:\/\/kobeyoshi.com\/index.php?rest_route=%2Fwp%2Fv2%2Fmedia&parent=209"}],"curies":[{"name":"wp","href":"https:\/\/api.w.org\/{rel}","templated":true}]}}